{"id":1058,"date":"2020-07-07T08:24:43","date_gmt":"2020-07-07T08:24:43","guid":{"rendered":"https:\/\/shop-sloski.si\/?page_id=1058"},"modified":"2021-06-22T08:23:09","modified_gmt":"2021-06-22T08:23:09","slug":"splosni-pogoji","status":"publish","type":"page","link":"https:\/\/shop-sloski.si\/en\/splosni-pogoji\/","title":{"rendered":"Terms &amp; Conditions"},"content":{"rendered":"<div data-elementor-type=\"wp-post\" data-elementor-id=\"1058\" class=\"elementor elementor-1058\">\n\t\t\t\t\t\t<section class=\"elementor-section elementor-top-section elementor-element elementor-element-2cd009c elementor-section-height-min-height elementor-section-content-middle elementor-section-boxed elementor-section-height-default elementor-section-items-middle\" data-id=\"2cd009c\" data-element_type=\"section\" data-e-type=\"section\" data-settings=\"{&quot;background_background&quot;:&quot;classic&quot;}\">\n\t\t\t\t\t\t\t<div class=\"elementor-background-overlay\"><\/div>\n\t\t\t\t\t\t\t<div class=\"elementor-container elementor-column-gap-default\">\n\t\t\t\t\t<div class=\"elementor-column elementor-col-100 elementor-top-column elementor-element elementor-element-eaf9918\" data-id=\"eaf9918\" data-element_type=\"column\" data-e-type=\"column\">\n\t\t\t<div class=\"elementor-widget-wrap elementor-element-populated\">\n\t\t\t\t\t\t<div class=\"elementor-element elementor-element-30819d6 elementor-widget elementor-widget-heading\" data-id=\"30819d6\" data-element_type=\"widget\" data-e-type=\"widget\" data-widget_type=\"heading.default\">\n\t\t\t\t<div class=\"elementor-widget-container\">\n\t\t\t\t\t<h1 class=\"elementor-heading-title elementor-size-default\">Terms &amp; Conditions<\/h1>\t\t\t\t<\/div>\n\t\t\t\t<\/div>\n\t\t\t\t\t<\/div>\n\t\t<\/div>\n\t\t\t\t\t<\/div>\n\t\t<\/section>\n\t\t\t\t<section class=\"elementor-section elementor-top-section elementor-element elementor-element-e9ca646 elementor-section-content-middle elementor-section-boxed elementor-section-height-default elementor-section-height-default\" data-id=\"e9ca646\" data-element_type=\"section\" data-e-type=\"section\">\n\t\t\t\t\t\t<div class=\"elementor-container elementor-column-gap-no\">\n\t\t\t\t\t<div class=\"elementor-column elementor-col-100 elementor-top-column elementor-element elementor-element-3cfc5f8\" data-id=\"3cfc5f8\" data-element_type=\"column\" data-e-type=\"column\">\n\t\t\t<div class=\"elementor-widget-wrap\">\n\t\t\t\t\t\t\t<\/div>\n\t\t<\/div>\n\t\t\t\t\t<\/div>\n\t\t<\/section>\n\t\t\t\t<section class=\"elementor-section elementor-top-section elementor-element elementor-element-41d8482 elementor-section-boxed elementor-section-height-default elementor-section-height-default\" data-id=\"41d8482\" data-element_type=\"section\" data-e-type=\"section\">\n\t\t\t\t\t\t<div class=\"elementor-container elementor-column-gap-default\">\n\t\t\t\t\t<div class=\"elementor-column elementor-col-100 elementor-top-column elementor-element elementor-element-f6282e1\" data-id=\"f6282e1\" data-element_type=\"column\" data-e-type=\"column\">\n\t\t\t<div class=\"elementor-widget-wrap elementor-element-populated\">\n\t\t\t\t\t\t<div class=\"elementor-element elementor-element-4fd289d elementor-widget elementor-widget-heading\" data-id=\"4fd289d\" data-element_type=\"widget\" data-e-type=\"widget\" data-widget_type=\"heading.default\">\n\t\t\t\t<div class=\"elementor-widget-container\">\n\t\t\t\t\t<h2 class=\"elementor-heading-title elementor-size-default\">Terms &amp; Conditions<\/h2>\t\t\t\t<\/div>\n\t\t\t\t<\/div>\n\t\t\t\t<div class=\"elementor-element elementor-element-e29aca4 elementor-widget elementor-widget-text-editor\" data-id=\"e29aca4\" data-element_type=\"widget\" data-e-type=\"widget\" data-widget_type=\"text-editor.default\">\n\t\t\t\t<div class=\"elementor-widget-container\">\n\t\t\t\t\t\t\t\t\t<p>Lastnik spletne trgovine SLOSKI Shop je Smu\u010darska zveza Slovenije, njen upravljalec pa RENOSPOT Rene Mleku\u017e s.p., Ur\u0161i\u010dev \u0160tradon 34, 1000 Ljubljana, D.\u0160T.: SI50966766 (v nadaljevanju ponudnik).<\/p><p>Splo\u0161ni pogoji izhajajo iz <a href=\"https:\/\/www.uradni-list.si\/glasilo-uradni-list-rs\/vsebina?urlid=201178&amp;stevilka=3297\" target=\"_blank\" rel=\"noopener\">Zakona o varstvu potro\u0161nikov (ZVPot)<\/a>, Zakona o varstvu osebnih podatkov (ZVOP-1) ter Zakona o elektronskih komunikacijah (ZEKom-1) in kupca zavezujejo v trenutku nakupa (oddaja naro\u010dila za izbrane artikle v spletni trgovini SLOSKI Shop).<\/p><p><strong>1. Sklenitev pogodbe:<\/strong><br \/>S potrditvijo in klikom na gumb &#8220;Kupi sedaj&#8221; kupec odda obvezujo\u010de naro\u010dilo izbranih izdelkov v spletni trgovini SLOSKI Shop. Potrditev prejema naro\u010dila se izda takoj po oddaji naro\u010dila in ga kupec prejme na e-po\u0161to s katero se je registriral v spletno trgovno. V tem trenutku je sklenjena pogodba.<\/p><p><strong>2. Odstop od pogodbe<\/strong><br \/>Pravica do odstopa od pogodbe<br \/>Potro\u0161nik ima pravico do odstopa pogodbe brez razloga 14 dni po prejemu blaga. Odstopni rok pote\u010de v 14 dneh od dneva ko kupec ali tretja oseba (ki jo dolo\u010di kupec) fizi\u010dno prejme blago. Odstop od pogodbe mora kupec sporo\u010diti na e-naslov info@shop-sloski.si pred potekom odpstopnega roka.<\/p><p><strong>U\u010dinki odstopa od pogodbe in vra\u010dilo blaga<\/strong><br \/>\u010ce kupec odstopi od pogodbe, mu ponudnik brez odla\u0161anja in v vsakem primeru najpozneje v 14 dneh od dneva prejetja sporo\u010dila o odstopu od pogodbe povrne vsa prejeta pla\u010dila, vklju\u010dno s stro\u0161ki dostave. Vra\u010dilo kupnine ponudnik izvede na enak na\u010din in istim pla\u010dilnim sredstvom, kot je bilo opravljeno pri transakciji kupca, razen \u010de ni s kupcem dogovorjeno druga\u010de.<\/p><p>Ponudnik lahko zadr\u017ei kupnino, dokler blago ni vrnjeno ponudniku ali dokler kupec ne po\u0161lje potrdila, da je blago vrnil nazaj.<\/p><p>Blago se v 14 dnevih od sporo\u010dila o odstopu od pogodbe vrne na dogovorjen naslov upravljalca spletne trgovine SLOSKI Shop.<\/p><p><strong>3. Pla\u010dilo<\/strong><br \/>V spletni trgovini SLOSKI Shop omogo\u010damo naslednje na\u010dine pla\u010dila:<br \/>&#8211; <strong>po povzetju<\/strong> po\u0161iljke kurirju ali ob prevzemu v enoti dostavne slu\u017ebe GLS<br \/>&#8211; <strong>z nakazilom<\/strong> na ra\u010dun upravitelja RENOSPOT (po predra\u010dunu). Predra\u010dun mora biti poravnan v roku 5 delovnih dni, v nasprotnem primeru se naro\u010dilo \u0161teje za preklicano<br \/>&#8211; vsi imetniki <strong>MODRE KARTICE<\/strong> imajo pri nakupu 20% popust na maloprodajno ceno, popust pa ne velja na artikle, ki so v akciji ali artikle osebnih znamk \u0161portnikov<\/p><p>Lastnik ra\u010duna: <strong>RENOSPOT Rene Mleku\u017e s.p., Ur\u0161i\u010dev \u0160tradon 34, 1000 Ljubljana<\/strong><\/p><p><strong>IBAN: SI56 0431 0011 3688 054\u00a0<\/strong><br \/><strong>Sklic: 00 \u0161tevilka naro\u010dila<\/strong><br \/><strong>Banka: Nova KBM, SWIFT : KBMASI2X<\/strong><br \/><strong>Koda namena: GDSV<\/strong><\/p><p>&#8211; <strong>Paypal<\/strong> &#8211; spletni servis za varno pla\u010devanje s kreditnimi karticami in drugimi pla\u010dilnimi sredstvi<br \/>&#8211; <strong>pla\u010dilo s kreditnimi karticami<\/strong> (Visa, Eurocard, Mastecard) preko pla\u010dilnega sistema STRIPE podjetja Stripe Inc. Ve\u010d o podjetju si preberite na tej povezavi : <a href=\"https:\/\/stripe.com\/en-gb-si\/privacy\" target=\"_blank\" rel=\"noopener\">Stripe<\/a>.<\/p><p>Cene veljajo v tistem trenutku, ko kupec odda naro\u010dilo. Ob napa\u010dnem prikazu cene bo ponudnik ponudil kupcu odstop od nakupa oziroma re\u0161itev, ki bo v obojestransko zadovoljstvo.<\/p><p><strong>4. Dostava<\/strong><br \/>Naro\u010deni artikli na shop-sloski.si se po\u0161ljejo v najkraj\u0161em mo\u017enem \u010dasu. V kolikor prejmemo naro\u010dilo do 11:00 ure, artikle odpremimo praviloma \u0161e isti delovni dan.<\/p><p>Sodelujemo s podjetjem GLS d.o.o. s katerim bo po\u0161iljka tudi poslana. Dostava je predvidoma v 1-5 delovnih dnevih in je predvidoma v dopoldanskih urah. \u010ce v \u010dasu dostave kupca ni na predvidenem mestu dostave, bo dostavljavec pustil sporo\u010dilo, kjer bodo navodila za prevzem.<\/p><p><span style=\"font-size: 15px; font-style: normal; font-weight: 400;\"><strong>Stro\u0161ek dostave<\/strong> je enoten za celotno Slovenijo in zna\u0161a 3,50 eur z ddv. Mo\u017enost prevzema paketa je tudi v GLS Paketnih trgovinah (ParcelShop enotah) ali GLS Paketomatih. Lokacijo GLS Paketnih trgovin in GLS Paketomatov si lahko ogledate na naslednji povezavi : <\/span><a style=\"font-size: 15px; font-style: normal; font-weight: 400; background-color: #ffffff;\" href=\"https:\/\/gls-group.eu\/SI\/sl\/gls-iskanje-parcelshop\" target=\"_blank\" rel=\"noopener\">https:\/\/gls-group.eu\/SI\/sl\/gls-iskanje-parcelshop<\/a><span style=\"font-size: 15px; font-style: normal; font-weight: 400;\">. Pogosta vpra\u0161anja in odgovori glede dostave z GLS pa so na voljo na naslednji povezavi :\u00a0<\/span><a style=\"font-size: 15px; font-style: normal; font-weight: 400; background-color: #ffffff;\" href=\"https:\/\/gls-group.eu\/SI\/sl\/pogosta-vprasanja-prejemniki\" target=\"_blank\" rel=\"noopener\">https:\/\/gls-group.eu\/SI\/sl\/pogosta-vprasanja-prejemniki<\/a><span style=\"font-size: 15px; font-style: normal; font-weight: 400;\">.<\/span><\/p><p>Dostava je pri nakupu <strong>nad 100,00 eur brezpla\u010dna<\/strong>.\u00a0<\/p><p><strong>Cene<br \/><\/strong>Spletna cena velja za vse registrirane kupce spletne trgovine shop-sloski.si. Registrirani kupec postanete ob oddaji naro\u010dila preko spletne ko\u0161arice na spletnem mestu shop-sloski.si.\u00a0<\/p><p>Vse cene na spletni trgovini shop-sloski.si so izra\u017eene v EUR in so veljavne na dan nakupa oz. izvedbe naro\u010dila. Zavezanci za DDV so dol\u017eni ob registraciji navesti svojo dav\u010dno \u0161tevilko. Cene lahko spremenimo brez predhodnega obvestila. Pri nakupu bomo upo\u0161tevali ceno, ki velja ob oddaji posameznega naro\u010dila.<\/p>\t\t\t\t\t\t\t\t<\/div>\n\t\t\t\t<\/div>\n\t\t\t\t\t<\/div>\n\t\t<\/div>\n\t\t\t\t\t<\/div>\n\t\t<\/section>\n\t\t\t\t<section class=\"elementor-section elementor-top-section elementor-element elementor-element-def0370 elementor-section-content-middle elementor-section-boxed elementor-section-height-default elementor-section-height-default\" data-id=\"def0370\" data-element_type=\"section\" data-e-type=\"section\" data-settings=\"{&quot;background_background&quot;:&quot;classic&quot;}\">\n\t\t\t\t\t\t\t<div class=\"elementor-background-overlay\"><\/div>\n\t\t\t\t\t\t\t<div class=\"elementor-container elementor-column-gap-no\">\n\t\t\t\t\t<div class=\"elementor-column elementor-col-50 elementor-top-column elementor-element elementor-element-a4cdfd2\" data-id=\"a4cdfd2\" data-element_type=\"column\" data-e-type=\"column\">\n\t\t\t<div class=\"elementor-widget-wrap\">\n\t\t\t\t\t\t\t<\/div>\n\t\t<\/div>\n\t\t\t\t<div class=\"elementor-column elementor-col-50 elementor-top-column elementor-element elementor-element-186eec9\" data-id=\"186eec9\" data-element_type=\"column\" data-e-type=\"column\">\n\t\t\t<div class=\"elementor-widget-wrap elementor-element-populated\">\n\t\t\t\t\t\t<div class=\"elementor-element elementor-element-b28e3b6 elementor-align-center elementor-mobile-align-center elementor-tablet-align-right elementor-widget elementor-widget-button\" data-id=\"b28e3b6\" data-element_type=\"widget\" data-e-type=\"widget\" data-widget_type=\"button.default\">\n\t\t\t\t<div class=\"elementor-widget-container\">\n\t\t\t\t\t\t\t\t\t<div class=\"elementor-button-wrapper\">\n\t\t\t\t\t<a class=\"elementor-button elementor-button-link elementor-size-md\" href=\"https:\/\/shop-sloski.si\/en\/\">\n\t\t\t\t\t\t<span class=\"elementor-button-content-wrapper\">\n\t\t\t\t\t\t\t\t\t<span class=\"elementor-button-text\">Nazaj na trgovino<\/span>\n\t\t\t\t\t<\/span>\n\t\t\t\t\t<\/a>\n\t\t\t\t<\/div>\n\t\t\t\t\t\t\t\t<\/div>\n\t\t\t\t<\/div>\n\t\t\t\t\t<\/div>\n\t\t<\/div>\n\t\t\t\t\t<\/div>\n\t\t<\/section>\n\t\t\t\t<\/div>","protected":false},"excerpt":{"rendered":"<p>Splo\u0161ni pogoji Splo\u0161ni pogoji Lastnik spletne trgovine SLOSKI Shop je Smu\u010darska zveza Slovenije, njen upravljalec pa RENOSPOT Rene Mleku\u017e s.p., Ur\u0161i\u010dev \u0160tradon 34, 1000 Ljubljana, D.\u0160T.: SI50966766 (v nadaljevanju ponudnik). Splo\u0161ni pogoji izhajajo iz Zakona o varstvu potro\u0161nikov (ZVPot), Zakona o varstvu osebnih podatkov (ZVOP-1) ter Zakona o elektronskih komunikacijah (ZEKom-1) in kupca zavezujejo v [&hellip;]<\/p>\n","protected":false},"author":1,"featured_media":0,"parent":0,"menu_order":0,"comment_status":"closed","ping_status":"closed","template":"","meta":{"_monsterinsights_skip_tracking":false,"_monsterinsights_sitenote_active":false,"_monsterinsights_sitenote_note":"","_monsterinsights_sitenote_category":0,"site-sidebar-layout":"no-sidebar","site-content-layout":"page-builder","ast-site-content-layout":"default","site-content-style":"default","site-sidebar-style":"default","ast-global-header-display":"","ast-banner-title-visibility":"","ast-main-header-display":"","ast-hfb-above-header-display":"","ast-hfb-below-header-display":"","ast-hfb-mobile-header-display":"","site-post-title":"disabled","ast-breadcrumbs-content":"","ast-featured-img":"disabled","footer-sml-layout":"","ast-disable-related-posts":"","theme-transparent-header-meta":"enabled","adv-header-id-meta":"","stick-header-meta":"","header-above-stick-meta":"","header-main-stick-meta":"","header-below-stick-meta":"","astra-migrate-meta-layouts":"default","ast-page-background-enabled":"default","ast-page-background-meta":{"desktop":{"background-color":"","background-image":"","background-repeat":"repeat","background-position":"center center","background-size":"auto","background-attachment":"scroll","background-type":"","background-media":"","overlay-type":"","overlay-color":"","overlay-opacity":"","overlay-gradient":""},"tablet":{"background-color":"","background-image":"","background-repeat":"repeat","background-position":"center center","background-size":"auto","background-attachment":"scroll","background-type":"","background-media":"","overlay-type":"","overlay-color":"","overlay-opacity":"","overlay-gradient":""},"mobile":{"background-color":"","background-image":"","background-repeat":"repeat","background-position":"center center","background-size":"auto","background-attachment":"scroll","background-type":"","background-media":"","overlay-type":"","overlay-color":"","overlay-opacity":"","overlay-gradient":""}},"ast-content-background-meta":{"desktop":{"background-color":"var(--ast-global-color-5)","background-image":"","background-repeat":"repeat","background-position":"center center","background-size":"auto","background-attachment":"scroll","background-type":"","background-media":"","overlay-type":"","overlay-color":"","overlay-opacity":"","overlay-gradient":""},"tablet":{"background-color":"var(--ast-global-color-5)","background-image":"","background-repeat":"repeat","background-position":"center center","background-size":"auto","background-attachment":"scroll","background-type":"","background-media":"","overlay-type":"","overlay-color":"","overlay-opacity":"","overlay-gradient":""},"mobile":{"background-color":"var(--ast-global-color-5)","background-image":"","background-repeat":"repeat","background-position":"center center","background-size":"auto","background-attachment":"scroll","background-type":"","background-media":"","overlay-type":"","overlay-color":"","overlay-opacity":"","overlay-gradient":""}},"footnotes":""},"class_list":["post-1058","page","type-page","status-publish","hentry"],"_links":{"self":[{"href":"https:\/\/shop-sloski.si\/en\/wp-json\/wp\/v2\/pages\/1058","targetHints":{"allow":["GET"]}}],"collection":[{"href":"https:\/\/shop-sloski.si\/en\/wp-json\/wp\/v2\/pages"}],"about":[{"href":"https:\/\/shop-sloski.si\/en\/wp-json\/wp\/v2\/types\/page"}],"author":[{"embeddable":true,"href":"https:\/\/shop-sloski.si\/en\/wp-json\/wp\/v2\/users\/1"}],"replies":[{"embeddable":true,"href":"https:\/\/shop-sloski.si\/en\/wp-json\/wp\/v2\/comments?post=1058"}],"version-history":[{"count":11,"href":"https:\/\/shop-sloski.si\/en\/wp-json\/wp\/v2\/pages\/1058\/revisions"}],"predecessor-version":[{"id":2788,"href":"https:\/\/shop-sloski.si\/en\/wp-json\/wp\/v2\/pages\/1058\/revisions\/2788"}],"wp:attachment":[{"href":"https:\/\/shop-sloski.si\/en\/wp-json\/wp\/v2\/media?parent=1058"}],"curies":[{"name":"wp","href":"https:\/\/api.w.org\/{rel}","templated":true}]}}