{"id":2739,"date":"2021-05-12T06:42:49","date_gmt":"2021-05-12T06:42:49","guid":{"rendered":"https:\/\/shop-sloski.si\/?post_type=product&#038;p=2739"},"modified":"2026-04-06T12:02:01","modified_gmt":"2026-04-06T12:02:01","slug":"knjiga-the-gorisek-brothers-ski-flying-vizionaries","status":"publish","type":"product","link":"https:\/\/shop-sloski.si\/en\/product\/knjiga-the-gorisek-brothers-ski-flying-vizionaries\/","title":{"rendered":"Book The Gori\u0161ek Brothers - Ski Flying Visionaries"},"content":{"rendered":"<p>Book The Gori\u0161ek Brothers - Ski Flying Visionaries (ANG version), authored by Rajko \u0160ugman, has been published by the SLOSKI Institute for the Promotion of Winter Sports. The well-known stanza of the Avsenik Brothers begins with us: Planica, Planica, the Snow Queen! Only who does not know her, the beauty of the snow\u2026\n\nJanez Du\u0161an Gori\u0161ek was born on September 13, 1933 in Ljubljana. Already in his youth, he embarked on the path of a designer, and in 1961 he obtained the title of university graduate civil engineer. He worked in his field until 2003, when he retired. At the age of eight, he started ski jumping, as a national team member for several years, and his greatest success was a two-time student world title. His personal record is 105 m, recorded in his hometown Planica.\n\nFrom an early age, he and his older brother Vlado Gori\u0161ek were passionate about ski jumping, and in 1969 they worked together to build the largest ski flying hill in the world, better known as the Gori\u0161ek Brothers Ski Jump. With it, Vlado and Janez established a new ski discipline - ski flying, and in 1971 it was also recognised by the International Ski Federation. The ski flying hill thus brought Planica's reputation to the world.<\/p>\n<p>Janez Du\u0161an Gori\u0161ek se je rodil 13. septembra 1933 v Ljubljani. \u017de v svojih mladostni\u0161kih letih se je podal na pot projektanta, leta 1961 pa je pridobil naziv univerzitetnega diplomiranega in\u017eenirja gradbeni\u0161tva. Na svojem podro\u010dju je deloval vse do leta 2003, dokler se ni upokojil. Pri osmih letih se je za\u010del ukvarjati s smu\u010darskimi skoki, kar nekaj let je bil dr\u017eavni reprezentant, najve\u010dji dose\u017een uspeh pa je bil dvakratni naslov \u0161tudentskega svetovnega prvaka. Njegov osebni rekord je 105 m, zabele\u017een v doma\u010di Planici.<\/p>\n<p>\u017de od ranega otro\u0161tva ju je skupaj s starej\u0161im bratom &#8211; Vladom Gori\u0161kom vezala strast do smu\u010darskih skokov, leta 1969 pa sta skupaj sodelovala pri gradnji najve\u010dje letalnice na svetu, ki jo bolje poznamo pod imenom Skakalnica bratov Gori\u0161ek. Z njo sta Vlado in Janez uveljavila novo smu\u010darsko disciplino \u2013 smu\u010darske polete, leta 1971 pa je bila priznana tudi s strani Mednarodne smu\u010darske zveze. Letalnica je tako ponesla sloves Planice v svet.<\/p>\n<p>Kasneje sta sodelovala tudi pri rekonstrukciji ostalih skakalnic in letalnic doma in tudi drugod po Evropi. Na skakalnicah\/letalnicah, ki sta jih projektirala oz. rekonstruirala skupaj z bratom, je zabele\u017eenih kar 78,3 % vseh svetovnih rekordov. Magi\u010dna meja 250 m je bila prese\u017eena na njuni letalnici v Vikersundu, ni\u010d drugega pa se ne pri\u010dakuje tudi za prvi polet prek 300 m. Kasneje se mu je pri projektiranju zaradi \u017eal prezgodnje smrti brata pridru\u017eil sin Sebastjan, kateri gre po stopinjah uspe\u0161nega o\u010deta.<\/p>\n<p>V svojem \u017eivljenju je Janez za svoja dela prejel ogromno priznanj, odlikovanj in nagrad, danes pa je tudi \u010dastni \u010dlan komiteja FIS za razvoj smu\u010darskih skokov.<\/p>\n<p>Janez Gori\u0161ek je o knjigi povedal: <em>&#8220;Knjiga govori prakti\u010dno o vsem. To je presek dolgoletnega dela mene, brata in vseh ostalih. Za mene ima knjiga spominsko vrednost, Planica si zaslu\u017ei to knjigo za ljudi, ki so jo gradili. Knjiga je del plani\u0161ke borbe za rekorde in dokaz, kjer se Slovenci lahko poka\u017eemo pred svetom, da nekaj smo. To ni tako enostavno. To smo dokazali v Planici in to nadaljujemo. S smu\u010darskimi poleti smo \u0161e vedno vodilni na svetu in za majhen narod to res veliko pomeni.&#8221;<\/em><\/p>","protected":false},"excerpt":{"rendered":"<p>Book The Gori\u0161ek Brothers - Ski Flying Visionaries (ANG version), authored by Rajko \u0160ugman, has been published by the SLOSKI Institute for the Promotion of Winter Sports. The well-known stanza of the Avsenik Brothers begins with us: Planica, Planica, the Snow Queen! Only who does not know her, the beauty of the snow\u2026\n\nJanez Du\u0161an Gori\u0161ek was born on September 13, 1933 in Ljubljana. Already in his youth, he embarked on the path of a designer, and in 1961 he obtained the title of university graduate civil engineer. He worked in his field until 2003, when he retired. At the age of eight, he started ski jumping, as a national team member for several years, and his greatest success was a two-time student world title. His personal record is 105 m, recorded in his hometown Planica.\n\nFrom an early age, he and his older brother Vlado Gori\u0161ek were passionate about ski jumping, and in 1969 they worked together to build the largest ski flying hill in the world, better known as the Gori\u0161ek Brothers Ski Jump. With it, Vlado and Janez established a new ski discipline - ski flying, and in 1971 it was also recognised by the International Ski Federation. The ski flying hill thus brought Planica's reputation to the world.<\/p>","protected":false},"featured_media":2740,"comment_status":"open","ping_status":"closed","template":"","meta":{"_monsterinsights_skip_tracking":false,"_monsterinsights_sitenote_active":false,"_monsterinsights_sitenote_note":"","_monsterinsights_sitenote_category":0,"site-sidebar-layout":"default","site-content-layout":"default","ast-site-content-layout":"default","site-content-style":"default","site-sidebar-style":"default","ast-global-header-display":"","ast-banner-title-visibility":"","ast-main-header-display":"","ast-hfb-above-header-display":"","ast-hfb-below-header-display":"","ast-hfb-mobile-header-display":"","site-post-title":"","ast-breadcrumbs-content":"","ast-featured-img":"","footer-sml-layout":"","ast-disable-related-posts":"","theme-transparent-header-meta":"default","adv-header-id-meta":"","stick-header-meta":"","header-above-stick-meta":"","header-main-stick-meta":"","header-below-stick-meta":"","astra-migrate-meta-layouts":"set","ast-page-background-enabled":"default","ast-page-background-meta":{"desktop":{"background-color":"","background-image":"","background-repeat":"repeat","background-position":"center center","background-size":"auto","background-attachment":"scroll","background-type":"","background-media":"","overlay-type":"","overlay-color":"","overlay-opacity":"","overlay-gradient":""},"tablet":{"background-color":"","background-image":"","background-repeat":"repeat","background-position":"center center","background-size":"auto","background-attachment":"scroll","background-type":"","background-media":"","overlay-type":"","overlay-color":"","overlay-opacity":"","overlay-gradient":""},"mobile":{"background-color":"","background-image":"","background-repeat":"repeat","background-position":"center center","background-size":"auto","background-attachment":"scroll","background-type":"","background-media":"","overlay-type":"","overlay-color":"","overlay-opacity":"","overlay-gradient":""}},"ast-content-background-meta":{"desktop":{"background-color":"var(--ast-global-color-5)","background-image":"","background-repeat":"repeat","background-position":"center center","background-size":"auto","background-attachment":"scroll","background-type":"","background-media":"","overlay-type":"","overlay-color":"","overlay-opacity":"","overlay-gradient":""},"tablet":{"background-color":"var(--ast-global-color-5)","background-image":"","background-repeat":"repeat","background-position":"center center","background-size":"auto","background-attachment":"scroll","background-type":"","background-media":"","overlay-type":"","overlay-color":"","overlay-opacity":"","overlay-gradient":""},"mobile":{"background-color":"var(--ast-global-color-5)","background-image":"","background-repeat":"repeat","background-position":"center center","background-size":"auto","background-attachment":"scroll","background-type":"","background-media":"","overlay-type":"","overlay-color":"","overlay-opacity":"","overlay-gradient":""}}},"product_brand":[],"product_cat":[136,114,102,37],"product_tag":[140,138,137,139,115],"class_list":{"0":"post-2739","1":"product","2":"type-product","3":"status-publish","4":"has-post-thumbnail","6":"product_cat-knjige","7":"product_cat-ostalo","8":"product_cat-planica","9":"product_cat-skakalci","10":"product_tag-book-the-gorisek-brothers","11":"product_tag-brata-gorisek","12":"product_tag-knjiga","13":"product_tag-knjiga-brata-gorisek","14":"product_tag-planica","15":"desktop-align-left","16":"tablet-align-left","17":"mobile-align-left","19":"first","20":"instock","21":"sale","22":"taxable","23":"shipping-taxable","24":"purchasable","25":"product-type-simple"},"_links":{"self":[{"href":"https:\/\/shop-sloski.si\/en\/wp-json\/wp\/v2\/product\/2739","targetHints":{"allow":["GET"]}}],"collection":[{"href":"https:\/\/shop-sloski.si\/en\/wp-json\/wp\/v2\/product"}],"about":[{"href":"https:\/\/shop-sloski.si\/en\/wp-json\/wp\/v2\/types\/product"}],"replies":[{"embeddable":true,"href":"https:\/\/shop-sloski.si\/en\/wp-json\/wp\/v2\/comments?post=2739"}],"wp:featuredmedia":[{"embeddable":true,"href":"https:\/\/shop-sloski.si\/en\/wp-json\/wp\/v2\/media\/2740"}],"wp:attachment":[{"href":"https:\/\/shop-sloski.si\/en\/wp-json\/wp\/v2\/media?parent=2739"}],"wp:term":[{"taxonomy":"product_brand","embeddable":true,"href":"https:\/\/shop-sloski.si\/en\/wp-json\/wp\/v2\/product_brand?post=2739"},{"taxonomy":"product_cat","embeddable":true,"href":"https:\/\/shop-sloski.si\/en\/wp-json\/wp\/v2\/product_cat?post=2739"},{"taxonomy":"product_tag","embeddable":true,"href":"https:\/\/shop-sloski.si\/en\/wp-json\/wp\/v2\/product_tag?post=2739"}],"curies":[{"name":"wp","href":"https:\/\/api.w.org\/{rel}","templated":true}]}}