{"id":3488,"date":"2022-09-30T10:28:52","date_gmt":"2022-09-30T10:28:52","guid":{"rendered":"https:\/\/shop-sloski.si\/?post_type=product&#038;p=3488"},"modified":"2025-11-14T07:25:13","modified_gmt":"2025-11-14T07:25:13","slug":"reusch-rokavice-worldcup-warrior-prime-r-tex-xt-jr-7810","status":"publish","type":"product","link":"https:\/\/shop-sloski.si\/en\/product\/reusch-rokavice-worldcup-warrior-prime-r-tex-xt-jr-7810\/","title":{"rendered":"Reusch rokavice WORLDCUP WARRIOR PRIME R-TEX\u00ae XT JR. 7810"},"content":{"rendered":"<p>Reusch rokavice WORLDCUP WARRIOR PRIME so zanesljive in kvalitetne tekmovalne otro\u0161ke rokavice z R-TEX XT membrano, ki \u0161\u010diti roke proti vetru in vodi. Rokavice imajo na dlani Quantum PU material, za ve\u010djo za\u0161\u010dito pa poskrbijo mehkej\u0161i \u0161\u010ditniki, na predelu prstov in \u010dlenkov. Rokavica ima name\u0161\u010den tudi trakec, ki omogo\u010da la\u017eje obla\u010denje rokavice.<\/p>\n<p>IZOLACIJA TecFill\u2122: zaradi svoje kompaktnosti ta tehnologija izolacije dovaja dovolj toplote za brezskrbno zabavo na smu\u010di\u0161\u010du.<\/p>\n<p>&nbsp;<\/p>\n<p>MEMBRANA R-TEX\u00aeXT: je izredno raztegljiva membrana, ki jo je Reusch razvil z namenom, da se prilagaja gibanju rok in vas tako neovirano \u0161\u010diti pred vodo, vlago in mrazom. Rokavice z R-TEX\u00ae XT membrano so udobne za no\u0161enje in zagotavljajo odli\u010dno za\u0161\u010dito, tako da boste lahko nemoteno u\u017eivali na snegu v vseh vremenskih razmerah.<\/p>","protected":false},"excerpt":{"rendered":"<p>Reusch rokavice WORLDCUP WARRIOR PRIME so zanesljive in kvalitetne tekmovalne otro\u0161ke rokavice z R-TEX XT membrano, ki \u0161\u010diti roke proti vetru in vodi.<\/p>","protected":false},"featured_media":3495,"comment_status":"open","ping_status":"closed","template":"","meta":{"_monsterinsights_skip_tracking":false,"_monsterinsights_sitenote_active":false,"_monsterinsights_sitenote_note":"","_monsterinsights_sitenote_category":0,"site-sidebar-layout":"default","site-content-layout":"default","ast-site-content-layout":"default","site-content-style":"default","site-sidebar-style":"default","ast-global-header-display":"","ast-banner-title-visibility":"","ast-main-header-display":"","ast-hfb-above-header-display":"","ast-hfb-below-header-display":"","ast-hfb-mobile-header-display":"","site-post-title":"","ast-breadcrumbs-content":"","ast-featured-img":"","footer-sml-layout":"","ast-disable-related-posts":"","theme-transparent-header-meta":"default","adv-header-id-meta":"","stick-header-meta":"","header-above-stick-meta":"","header-main-stick-meta":"","header-below-stick-meta":"","astra-migrate-meta-layouts":"set","ast-page-background-enabled":"default","ast-page-background-meta":{"desktop":{"background-color":"","background-image":"","background-repeat":"repeat","background-position":"center center","background-size":"auto","background-attachment":"scroll","background-type":"","background-media":"","overlay-type":"","overlay-color":"","overlay-opacity":"","overlay-gradient":""},"tablet":{"background-color":"","background-image":"","background-repeat":"repeat","background-position":"center center","background-size":"auto","background-attachment":"scroll","background-type":"","background-media":"","overlay-type":"","overlay-color":"","overlay-opacity":"","overlay-gradient":""},"mobile":{"background-color":"","background-image":"","background-repeat":"repeat","background-position":"center center","background-size":"auto","background-attachment":"scroll","background-type":"","background-media":"","overlay-type":"","overlay-color":"","overlay-opacity":"","overlay-gradient":""}},"ast-content-background-meta":{"desktop":{"background-color":"var(--ast-global-color-5)","background-image":"","background-repeat":"repeat","background-position":"center center","background-size":"auto","background-attachment":"scroll","background-type":"","background-media":"","overlay-type":"","overlay-color":"","overlay-opacity":"","overlay-gradient":""},"tablet":{"background-color":"var(--ast-global-color-5)","background-image":"","background-repeat":"repeat","background-position":"center center","background-size":"auto","background-attachment":"scroll","background-type":"","background-media":"","overlay-type":"","overlay-color":"","overlay-opacity":"","overlay-gradient":""},"mobile":{"background-color":"var(--ast-global-color-5)","background-image":"","background-repeat":"repeat","background-position":"center center","background-size":"auto","background-attachment":"scroll","background-type":"","background-media":"","overlay-type":"","overlay-color":"","overlay-opacity":"","overlay-gradient":""}}},"product_brand":[],"product_cat":[21,76,28,25,75,53,31,34,35,77,26],"product_tag":[],"class_list":{"0":"post-3488","1":"product","2":"type-product","3":"status-publish","4":"has-post-thumbnail","6":"product_cat-alpinci","7":"product_cat-ana-bucik","8":"product_cat-filip-flisar","9":"product_cat-ilka-stuhec","10":"product_cat-meta-hrovat","11":"product_cat-reusch","12":"product_cat-rokavice","13":"product_cat-stefan-hadalin","14":"product_cat-tekmovalci","15":"product_cat-tina-robnik","16":"product_cat-zan-kranjec","17":"desktop-align-left","18":"tablet-align-left","19":"mobile-align-left","21":"first","22":"instock","23":"taxable","24":"shipping-taxable","25":"purchasable","26":"product-type-variable"},"_links":{"self":[{"href":"https:\/\/shop-sloski.si\/en\/wp-json\/wp\/v2\/product\/3488","targetHints":{"allow":["GET"]}}],"collection":[{"href":"https:\/\/shop-sloski.si\/en\/wp-json\/wp\/v2\/product"}],"about":[{"href":"https:\/\/shop-sloski.si\/en\/wp-json\/wp\/v2\/types\/product"}],"replies":[{"embeddable":true,"href":"https:\/\/shop-sloski.si\/en\/wp-json\/wp\/v2\/comments?post=3488"}],"wp:featuredmedia":[{"embeddable":true,"href":"https:\/\/shop-sloski.si\/en\/wp-json\/wp\/v2\/media\/3495"}],"wp:attachment":[{"href":"https:\/\/shop-sloski.si\/en\/wp-json\/wp\/v2\/media?parent=3488"}],"wp:term":[{"taxonomy":"product_brand","embeddable":true,"href":"https:\/\/shop-sloski.si\/en\/wp-json\/wp\/v2\/product_brand?post=3488"},{"taxonomy":"product_cat","embeddable":true,"href":"https:\/\/shop-sloski.si\/en\/wp-json\/wp\/v2\/product_cat?post=3488"},{"taxonomy":"product_tag","embeddable":true,"href":"https:\/\/shop-sloski.si\/en\/wp-json\/wp\/v2\/product_tag?post=3488"}],"curies":[{"name":"wp","href":"https:\/\/api.w.org\/{rel}","templated":true}]}}