{"id":4443,"date":"2023-09-19T05:35:10","date_gmt":"2023-09-19T05:35:10","guid":{"rendered":"https:\/\/shop-sloski.si\/?post_type=product&#038;p=4443"},"modified":"2025-11-14T07:22:58","modified_gmt":"2025-11-14T07:22:58","slug":"reusch-otroske-tekmovalne-rokavice-worldcup-warrior-prime-r-tex-xt-jr","status":"publish","type":"product","link":"https:\/\/shop-sloski.si\/en\/product\/reusch-otroske-tekmovalne-rokavice-worldcup-warrior-prime-r-tex-xt-jr\/","title":{"rendered":"Reusch otro\u0161ke tekmovalne rokavice WORLDCUP WARRIOR PRIME R-TEX\u00ae XT JR."},"content":{"rendered":"<p>Reusch otro\u0161ke tekmovalne rokavice WORLDCUP WARRIOR PRIME R-TEX\u00ae XT JR., z R-TEX XT membrano, ki \u0161\u010ditijo roke proti vetru in vodi.<\/p>\n<p>Rokavice so imajo na dlani Quantum PU material, za ve\u010djo za\u0161\u010dito. Zgornji del rokavic je iz kombinacije Cordura in Softhell materiala za bolj\u0161e prileganje rokavic roki. Rokavice imajo dodatno za\u0161\u010dito prstov in zglobov.<\/p>\n<p>Features:<br \/>\n&#8211; za\u0161\u010dita \u010dlenkov iz mehkega materiala<br \/>\n- a strap to make it easier to wear gloves<\/p>","protected":false},"excerpt":{"rendered":"<p>Reusch otro\u0161ke tekmovalne rokavice WORLDCUP WARRIOR PRIME R-TEX\u00ae XT JR., z R-TEX XT membrano, ki \u0161\u010ditijo roke proti vetru in vodi.<\/p>","protected":false},"featured_media":4434,"comment_status":"open","ping_status":"closed","template":"","meta":{"_monsterinsights_skip_tracking":false,"_monsterinsights_sitenote_active":false,"_monsterinsights_sitenote_note":"","_monsterinsights_sitenote_category":0,"site-sidebar-layout":"default","site-content-layout":"default","ast-site-content-layout":"default","site-content-style":"default","site-sidebar-style":"default","ast-global-header-display":"","ast-banner-title-visibility":"","ast-main-header-display":"","ast-hfb-above-header-display":"","ast-hfb-below-header-display":"","ast-hfb-mobile-header-display":"","site-post-title":"","ast-breadcrumbs-content":"","ast-featured-img":"","footer-sml-layout":"","ast-disable-related-posts":"","theme-transparent-header-meta":"default","adv-header-id-meta":"","stick-header-meta":"","header-above-stick-meta":"","header-main-stick-meta":"","header-below-stick-meta":"","astra-migrate-meta-layouts":"set","ast-page-background-enabled":"default","ast-page-background-meta":{"desktop":{"background-color":"","background-image":"","background-repeat":"repeat","background-position":"center center","background-size":"auto","background-attachment":"scroll","background-type":"","background-media":"","overlay-type":"","overlay-color":"","overlay-opacity":"","overlay-gradient":""},"tablet":{"background-color":"","background-image":"","background-repeat":"repeat","background-position":"center center","background-size":"auto","background-attachment":"scroll","background-type":"","background-media":"","overlay-type":"","overlay-color":"","overlay-opacity":"","overlay-gradient":""},"mobile":{"background-color":"","background-image":"","background-repeat":"repeat","background-position":"center center","background-size":"auto","background-attachment":"scroll","background-type":"","background-media":"","overlay-type":"","overlay-color":"","overlay-opacity":"","overlay-gradient":""}},"ast-content-background-meta":{"desktop":{"background-color":"var(--ast-global-color-5)","background-image":"","background-repeat":"repeat","background-position":"center center","background-size":"auto","background-attachment":"scroll","background-type":"","background-media":"","overlay-type":"","overlay-color":"","overlay-opacity":"","overlay-gradient":""},"tablet":{"background-color":"var(--ast-global-color-5)","background-image":"","background-repeat":"repeat","background-position":"center center","background-size":"auto","background-attachment":"scroll","background-type":"","background-media":"","overlay-type":"","overlay-color":"","overlay-opacity":"","overlay-gradient":""},"mobile":{"background-color":"var(--ast-global-color-5)","background-image":"","background-repeat":"repeat","background-position":"center center","background-size":"auto","background-attachment":"scroll","background-type":"","background-media":"","overlay-type":"","overlay-color":"","overlay-opacity":"","overlay-gradient":""}}},"product_brand":[],"product_cat":[21,76,170,25,75,53,31,34,35,26],"product_tag":[239,40,238],"class_list":{"0":"post-4443","1":"product","2":"type-product","3":"status-publish","4":"has-post-thumbnail","6":"product_cat-alpinci","7":"product_cat-ana-bucik","8":"product_cat-bostjan-kline","9":"product_cat-ilka-stuhec","10":"product_cat-meta-hrovat","11":"product_cat-reusch","12":"product_cat-rokavice","13":"product_cat-stefan-hadalin","14":"product_cat-tekmovalci","15":"product_cat-zan-kranjec","16":"product_tag-otroske-rokavice","17":"product_tag-smucarske-rokavice","18":"product_tag-tekmovalne-rokavice","19":"desktop-align-left","20":"tablet-align-left","21":"mobile-align-left","23":"first","24":"outofstock","25":"taxable","26":"shipping-taxable","27":"purchasable","28":"product-type-variable"},"_links":{"self":[{"href":"https:\/\/shop-sloski.si\/en\/wp-json\/wp\/v2\/product\/4443","targetHints":{"allow":["GET"]}}],"collection":[{"href":"https:\/\/shop-sloski.si\/en\/wp-json\/wp\/v2\/product"}],"about":[{"href":"https:\/\/shop-sloski.si\/en\/wp-json\/wp\/v2\/types\/product"}],"replies":[{"embeddable":true,"href":"https:\/\/shop-sloski.si\/en\/wp-json\/wp\/v2\/comments?post=4443"}],"wp:featuredmedia":[{"embeddable":true,"href":"https:\/\/shop-sloski.si\/en\/wp-json\/wp\/v2\/media\/4434"}],"wp:attachment":[{"href":"https:\/\/shop-sloski.si\/en\/wp-json\/wp\/v2\/media?parent=4443"}],"wp:term":[{"taxonomy":"product_brand","embeddable":true,"href":"https:\/\/shop-sloski.si\/en\/wp-json\/wp\/v2\/product_brand?post=4443"},{"taxonomy":"product_cat","embeddable":true,"href":"https:\/\/shop-sloski.si\/en\/wp-json\/wp\/v2\/product_cat?post=4443"},{"taxonomy":"product_tag","embeddable":true,"href":"https:\/\/shop-sloski.si\/en\/wp-json\/wp\/v2\/product_tag?post=4443"}],"curies":[{"name":"wp","href":"https:\/\/api.w.org\/{rel}","templated":true}]}}