{"id":5659,"date":"2025-10-15T08:40:13","date_gmt":"2025-10-15T08:40:13","guid":{"rendered":"https:\/\/shop-sloski.si\/?post_type=product&#038;p=5659"},"modified":"2026-02-26T09:44:48","modified_gmt":"2026-02-26T09:44:48","slug":"bunda-moska-colmar-sloski-alpine-2026-omejena-serija","status":"publish","type":"product","link":"https:\/\/shop-sloski.si\/en\/product\/bunda-moska-colmar-sloski-alpine-2026-omejena-serija\/","title":{"rendered":"Bunda mo\u0161ka Colmar SLOSKI Alpine 2026 OMEJENA serija"},"content":{"rendered":"<p>Bunda mo\u0161ka Colmar SLOSKI Alpine 2026 OMEJENA serija, ki jo nosi na\u0161a alpska smu\u010darska reprezentanca v sezoni 2025\/2026. <strong>Bunda je v zelo omejeni seriji in je original produkt.<\/strong><\/p>\n<p><strong>Tabelo velikosti lahko preverite med slikami.<\/strong><\/p>\n<p>Replica of the men's jacket which is the official kit of the Slovenian National Alpine Ski Team. Made of waterproof (15,000 mm) and breathable (15,000 gr\/m2\/24) 100% recycled polyester mechanical stretch fabric with high tenacity nylon inserts at the shoulders, elbows and hem. The Ecosoft TLR85 wadded padding, with 85% recycled fibres, provides the right degree of warmth. Partially heat-sealed and equipped with ventilation zips under the armpits. The use of recycled wadding, fabric and lining and the eco-sustainable water repellent Teflon EcoElite\u2122 treatment are part of the Colmar Green Path project, aiming to respect the environment as much as possible.\n\n- Teflon EcoElite\u2122 water repellent treatment\n- Waterproof zip\n- Multipurpose inner pockets with glasses cleaning cloth\n- Name holder inside pocket\n- Ski lift pass pocket\n- Fixed hood\n- Zip-adjustable sleeve end\n- Sleeves with ergonomic curvature\n- Inner stretch cuffs\n- Adjustable drawstring on hem and hood\n- Snowproof gusset\n- Ventilation at strategic points\n- Partially heat-sealed\n- Eco-friendly fabric\n- Eco-friendly wadded padding\n- Colmar logo at the heart area\n\nComposition:\nOuter: 100% Polyester\nFabric: 94% Polyamide + 6% Elastane\nLining: 100% Polyester\nPadding: 100% Polyester<\/p>","protected":false},"excerpt":{"rendered":"<p>Bunda mo\u0161ka Colmar SLOSKI Alpine 2026 OMEJENA serija, ki jo nosi na\u0161a alpska smu\u010darska reprezentanca v sezoni 2025\/2026. <strong>Bunda je v zelo omejeni seriji in je original produkt.<\/strong><\/p>\n<p><strong>Tabelo velikosti lahko preverite med slikami.<\/strong><\/p>","protected":false},"featured_media":5664,"comment_status":"open","ping_status":"closed","template":"","meta":{"_monsterinsights_skip_tracking":false,"_monsterinsights_sitenote_active":false,"_monsterinsights_sitenote_note":"","_monsterinsights_sitenote_category":0,"site-sidebar-layout":"default","site-content-layout":"default","ast-site-content-layout":"default","site-content-style":"default","site-sidebar-style":"default","ast-global-header-display":"","ast-banner-title-visibility":"","ast-main-header-display":"","ast-hfb-above-header-display":"","ast-hfb-below-header-display":"","ast-hfb-mobile-header-display":"","site-post-title":"","ast-breadcrumbs-content":"","ast-featured-img":"","footer-sml-layout":"","ast-disable-related-posts":"","theme-transparent-header-meta":"default","adv-header-id-meta":"","stick-header-meta":"","header-above-stick-meta":"","header-main-stick-meta":"","header-below-stick-meta":"","astra-migrate-meta-layouts":"set","ast-page-background-enabled":"default","ast-page-background-meta":{"desktop":{"background-color":"","background-image":"","background-repeat":"repeat","background-position":"center center","background-size":"auto","background-attachment":"scroll","background-type":"","background-media":"","overlay-type":"","overlay-color":"","overlay-opacity":"","overlay-gradient":""},"tablet":{"background-color":"","background-image":"","background-repeat":"repeat","background-position":"center center","background-size":"auto","background-attachment":"scroll","background-type":"","background-media":"","overlay-type":"","overlay-color":"","overlay-opacity":"","overlay-gradient":""},"mobile":{"background-color":"","background-image":"","background-repeat":"repeat","background-position":"center center","background-size":"auto","background-attachment":"scroll","background-type":"","background-media":"","overlay-type":"","overlay-color":"","overlay-opacity":"","overlay-gradient":""}},"ast-content-background-meta":{"desktop":{"background-color":"var(--ast-global-color-5)","background-image":"","background-repeat":"repeat","background-position":"center center","background-size":"auto","background-attachment":"scroll","background-type":"","background-media":"","overlay-type":"","overlay-color":"","overlay-opacity":"","overlay-gradient":""},"tablet":{"background-color":"var(--ast-global-color-5)","background-image":"","background-repeat":"repeat","background-position":"center center","background-size":"auto","background-attachment":"scroll","background-type":"","background-media":"","overlay-type":"","overlay-color":"","overlay-opacity":"","overlay-gradient":""},"mobile":{"background-color":"var(--ast-global-color-5)","background-image":"","background-repeat":"repeat","background-position":"center center","background-size":"auto","background-attachment":"scroll","background-type":"","background-media":"","overlay-type":"","overlay-color":"","overlay-opacity":"","overlay-gradient":""}}},"product_brand":[],"product_cat":[21,76,273,50,25,33,35,26],"product_tag":[151,154,152,153],"class_list":{"0":"post-5659","1":"product","2":"type-product","3":"status-publish","4":"has-post-thumbnail","6":"product_cat-alpinci","7":"product_cat-ana-bucik","8":"product_cat-black-friday","9":"product_cat-colmar","10":"product_cat-ilka-stuhec","11":"product_cat-jakne-hlace","12":"product_cat-tekmovalci","13":"product_cat-zan-kranjec","14":"product_tag-bunda","15":"product_tag-colmar-bunda","16":"product_tag-sloski-alpine-bunda","17":"product_tag-zan-kranjec","18":"desktop-align-left","19":"tablet-align-left","20":"mobile-align-left","22":"first","23":"instock","24":"sale","25":"taxable","26":"shipping-taxable","27":"purchasable","28":"product-type-variable"},"_links":{"self":[{"href":"https:\/\/shop-sloski.si\/en\/wp-json\/wp\/v2\/product\/5659","targetHints":{"allow":["GET"]}}],"collection":[{"href":"https:\/\/shop-sloski.si\/en\/wp-json\/wp\/v2\/product"}],"about":[{"href":"https:\/\/shop-sloski.si\/en\/wp-json\/wp\/v2\/types\/product"}],"replies":[{"embeddable":true,"href":"https:\/\/shop-sloski.si\/en\/wp-json\/wp\/v2\/comments?post=5659"}],"wp:featuredmedia":[{"embeddable":true,"href":"https:\/\/shop-sloski.si\/en\/wp-json\/wp\/v2\/media\/5664"}],"wp:attachment":[{"href":"https:\/\/shop-sloski.si\/en\/wp-json\/wp\/v2\/media?parent=5659"}],"wp:term":[{"taxonomy":"product_brand","embeddable":true,"href":"https:\/\/shop-sloski.si\/en\/wp-json\/wp\/v2\/product_brand?post=5659"},{"taxonomy":"product_cat","embeddable":true,"href":"https:\/\/shop-sloski.si\/en\/wp-json\/wp\/v2\/product_cat?post=5659"},{"taxonomy":"product_tag","embeddable":true,"href":"https:\/\/shop-sloski.si\/en\/wp-json\/wp\/v2\/product_tag?post=5659"}],"curies":[{"name":"wp","href":"https:\/\/api.w.org\/{rel}","templated":true}]}}