{"id":5673,"date":"2025-10-15T09:03:08","date_gmt":"2025-10-15T09:03:08","guid":{"rendered":"https:\/\/shop-sloski.si\/?post_type=product&#038;p=5673"},"modified":"2026-01-05T08:33:03","modified_gmt":"2026-01-05T08:33:03","slug":"softshell-moski-colmar-sloski-alpine-2026-omejena-serija","status":"publish","type":"product","link":"https:\/\/shop-sloski.si\/en\/product\/softshell-moski-colmar-sloski-alpine-2026-omejena-serija\/","title":{"rendered":"Softshell mo\u0161ki Colmar SLOSKI Alpine 2026 OMEJENA serija"},"content":{"rendered":"<p>Softshell mo\u0161ki Colmar SLOSKI Alpine 2026 OMEJENA serija, ki ga nosi na\u0161a alpska smu\u010darska reprezentanca v sezoni 2025\/2026. <strong>Softshell je v zelo omejeni seriji in je original produkt.<\/strong><\/p>\n<p><strong>Tabelo velikosti lahko preverite med slikami.<\/strong><\/p>\n<p>Softshell mo\u0161ki Colmar SLOSKI Alpine 2023. Izdelan iz raztegljive tkanine, vodoodporen (10.000 mm), zra\u010den (10.000) in vodoodbojen. Softshell ima velike \u017eepe, elasti\u010dni trak na spodnjem delu ter rokavih in fino vezenje vseh sponzorjev alpske smu\u010darske reprezentance. Vsi ti detajli v kombinaciji z nacionalnimi barvami obogatijo obla\u010dilo.<\/p>\n<ul>\n<li>Vodoodbojna obdelava<\/li>\n<li>Sredinsko zapiranje z vodoodporno zadrgo<\/li>\n<li>Stranski \u017eepi z vodoodporno zadrgo<\/li>\n<li>Notranji \u017eep z zadrgo<\/li>\n<li>Ovratnik iz flisa<\/li>\n<li>Rokavi z ergonomsko ukrivljenostjo<\/li>\n<li>Elasti\u010den trak na spodnjem delu in rokavih<\/li>\n<\/ul>\n<p>Zunanji material: 92% Poliester + 8% Elastan<br \/>\nNotranji material: 100% Poliester<\/p>","protected":false},"excerpt":{"rendered":"<p>Softshell mo\u0161ki Colmar SLOSKI Alpine 2026 OMEJENA serija, ki ga nosi na\u0161a alpska smu\u010darska reprezentanca v sezoni 2025\/2026. <strong>Softshell je v zelo omejeni seriji in je original produkt.<\/strong><\/p>\n<p><strong>Tabelo velikosti lahko preverite med slikami.<\/strong><\/p>","protected":false},"featured_media":5679,"comment_status":"open","ping_status":"closed","template":"","meta":{"_monsterinsights_skip_tracking":false,"_monsterinsights_sitenote_active":false,"_monsterinsights_sitenote_note":"","_monsterinsights_sitenote_category":0,"site-sidebar-layout":"default","site-content-layout":"default","ast-site-content-layout":"default","site-content-style":"default","site-sidebar-style":"default","ast-global-header-display":"","ast-banner-title-visibility":"","ast-main-header-display":"","ast-hfb-above-header-display":"","ast-hfb-below-header-display":"","ast-hfb-mobile-header-display":"","site-post-title":"","ast-breadcrumbs-content":"","ast-featured-img":"","footer-sml-layout":"","ast-disable-related-posts":"","theme-transparent-header-meta":"default","adv-header-id-meta":"","stick-header-meta":"","header-above-stick-meta":"","header-main-stick-meta":"","header-below-stick-meta":"","astra-migrate-meta-layouts":"set","ast-page-background-enabled":"default","ast-page-background-meta":{"desktop":{"background-color":"","background-image":"","background-repeat":"repeat","background-position":"center center","background-size":"auto","background-attachment":"scroll","background-type":"","background-media":"","overlay-type":"","overlay-color":"","overlay-opacity":"","overlay-gradient":""},"tablet":{"background-color":"","background-image":"","background-repeat":"repeat","background-position":"center center","background-size":"auto","background-attachment":"scroll","background-type":"","background-media":"","overlay-type":"","overlay-color":"","overlay-opacity":"","overlay-gradient":""},"mobile":{"background-color":"","background-image":"","background-repeat":"repeat","background-position":"center center","background-size":"auto","background-attachment":"scroll","background-type":"","background-media":"","overlay-type":"","overlay-color":"","overlay-opacity":"","overlay-gradient":""}},"ast-content-background-meta":{"desktop":{"background-color":"var(--ast-global-color-5)","background-image":"","background-repeat":"repeat","background-position":"center center","background-size":"auto","background-attachment":"scroll","background-type":"","background-media":"","overlay-type":"","overlay-color":"","overlay-opacity":"","overlay-gradient":""},"tablet":{"background-color":"var(--ast-global-color-5)","background-image":"","background-repeat":"repeat","background-position":"center center","background-size":"auto","background-attachment":"scroll","background-type":"","background-media":"","overlay-type":"","overlay-color":"","overlay-opacity":"","overlay-gradient":""},"mobile":{"background-color":"var(--ast-global-color-5)","background-image":"","background-repeat":"repeat","background-position":"center center","background-size":"auto","background-attachment":"scroll","background-type":"","background-media":"","overlay-type":"","overlay-color":"","overlay-opacity":"","overlay-gradient":""}}},"product_brand":[],"product_cat":[21,76,273,50,25,33,35,26],"product_tag":[162,164,165,163],"class_list":{"0":"post-5673","1":"product","2":"type-product","3":"status-publish","4":"has-post-thumbnail","6":"product_cat-alpinci","7":"product_cat-ana-bucik","8":"product_cat-black-friday","9":"product_cat-colmar","10":"product_cat-ilka-stuhec","11":"product_cat-jakne-hlace","12":"product_cat-tekmovalci","13":"product_cat-zan-kranjec","14":"product_tag-colmar-windstoper","15":"product_tag-moski-windstoper","16":"product_tag-sloski-windstoper","17":"product_tag-windstoper","18":"desktop-align-left","19":"tablet-align-left","20":"mobile-align-left","22":"first","23":"outofstock","24":"featured","25":"taxable","26":"shipping-taxable","27":"purchasable","28":"product-type-variable"},"_links":{"self":[{"href":"https:\/\/shop-sloski.si\/en\/wp-json\/wp\/v2\/product\/5673","targetHints":{"allow":["GET"]}}],"collection":[{"href":"https:\/\/shop-sloski.si\/en\/wp-json\/wp\/v2\/product"}],"about":[{"href":"https:\/\/shop-sloski.si\/en\/wp-json\/wp\/v2\/types\/product"}],"replies":[{"embeddable":true,"href":"https:\/\/shop-sloski.si\/en\/wp-json\/wp\/v2\/comments?post=5673"}],"wp:featuredmedia":[{"embeddable":true,"href":"https:\/\/shop-sloski.si\/en\/wp-json\/wp\/v2\/media\/5679"}],"wp:attachment":[{"href":"https:\/\/shop-sloski.si\/en\/wp-json\/wp\/v2\/media?parent=5673"}],"wp:term":[{"taxonomy":"product_brand","embeddable":true,"href":"https:\/\/shop-sloski.si\/en\/wp-json\/wp\/v2\/product_brand?post=5673"},{"taxonomy":"product_cat","embeddable":true,"href":"https:\/\/shop-sloski.si\/en\/wp-json\/wp\/v2\/product_cat?post=5673"},{"taxonomy":"product_tag","embeddable":true,"href":"https:\/\/shop-sloski.si\/en\/wp-json\/wp\/v2\/product_tag?post=5673"}],"curies":[{"name":"wp","href":"https:\/\/api.w.org\/{rel}","templated":true}]}}