{"id":5680,"date":"2025-10-15T09:10:25","date_gmt":"2025-10-15T09:10:25","guid":{"rendered":"https:\/\/shop-sloski.si\/?post_type=product&#038;p=5680"},"modified":"2026-02-26T09:43:21","modified_gmt":"2026-02-26T09:43:21","slug":"bunda-presita-zenska-colmar-sloski-alpine-2026-omejena-serija","status":"publish","type":"product","link":"https:\/\/shop-sloski.si\/en\/product\/bunda-presita-zenska-colmar-sloski-alpine-2026-omejena-serija\/","title":{"rendered":"Bunda pre\u0161ita \u017eenska Colmar SLOSKI Alpine 2026 OMEJENA serija"},"content":{"rendered":"<p>Bunda pre\u0161ita \u017eenska Colmar SLOSKI Alpine 2026 OMEJENA serija, ki jo nosi na\u0161a alpska smu\u010darska reprezentanca v sezoni 2025\/2026. <strong>Bunda je v zelo omejeni seriji in je original produkt.<\/strong><\/p>\n<p><strong>Tabelo velikosti lahko preverite med slikami.<\/strong><\/p>\n<p>\u017denska pre\u0161ita bunda je iz lahkega materiala &#8211; najlon ripstop z zunanjo vodoodbojno obdelavo.<\/p>\n<p>Mehko oblazinjenje Thermore Evodown, ki s svojo izjemno mehkobo daje obla\u010dilu enak vizualni u\u010dinek kot puhovka in zagotavlja pravo mero toplote. Je idealno termo obla\u010dilo, ki ga lahko nosite ob vseh zimskih prilo\u017enostih na prostem, od sprehoda, do teka na smu\u010deh, smu\u010danja, krpljanja&#8230;<\/p>","protected":false},"excerpt":{"rendered":"<p>Bunda pre\u0161ita \u017eenska Colmar SLOSKI Alpine 2026 OMEJENA serija, ki jo nosi na\u0161a alpska smu\u010darska reprezentanca v sezoni 2025\/2026. <strong>Bunda je v zelo omejeni seriji in je original produkt.<\/strong><\/p>\n<p><strong>Tabelo velikosti lahko preverite med slikami.<\/strong><\/p>","protected":false},"featured_media":5687,"comment_status":"open","ping_status":"closed","template":"","meta":{"_monsterinsights_skip_tracking":false,"_monsterinsights_sitenote_active":false,"_monsterinsights_sitenote_note":"","_monsterinsights_sitenote_category":0,"site-sidebar-layout":"default","site-content-layout":"default","ast-site-content-layout":"default","site-content-style":"default","site-sidebar-style":"default","ast-global-header-display":"","ast-banner-title-visibility":"","ast-main-header-display":"","ast-hfb-above-header-display":"","ast-hfb-below-header-display":"","ast-hfb-mobile-header-display":"","site-post-title":"","ast-breadcrumbs-content":"","ast-featured-img":"","footer-sml-layout":"","ast-disable-related-posts":"","theme-transparent-header-meta":"default","adv-header-id-meta":"","stick-header-meta":"","header-above-stick-meta":"","header-main-stick-meta":"","header-below-stick-meta":"","astra-migrate-meta-layouts":"set","ast-page-background-enabled":"default","ast-page-background-meta":{"desktop":{"background-color":"","background-image":"","background-repeat":"repeat","background-position":"center center","background-size":"auto","background-attachment":"scroll","background-type":"","background-media":"","overlay-type":"","overlay-color":"","overlay-opacity":"","overlay-gradient":""},"tablet":{"background-color":"","background-image":"","background-repeat":"repeat","background-position":"center center","background-size":"auto","background-attachment":"scroll","background-type":"","background-media":"","overlay-type":"","overlay-color":"","overlay-opacity":"","overlay-gradient":""},"mobile":{"background-color":"","background-image":"","background-repeat":"repeat","background-position":"center center","background-size":"auto","background-attachment":"scroll","background-type":"","background-media":"","overlay-type":"","overlay-color":"","overlay-opacity":"","overlay-gradient":""}},"ast-content-background-meta":{"desktop":{"background-color":"var(--ast-global-color-5)","background-image":"","background-repeat":"repeat","background-position":"center center","background-size":"auto","background-attachment":"scroll","background-type":"","background-media":"","overlay-type":"","overlay-color":"","overlay-opacity":"","overlay-gradient":""},"tablet":{"background-color":"var(--ast-global-color-5)","background-image":"","background-repeat":"repeat","background-position":"center center","background-size":"auto","background-attachment":"scroll","background-type":"","background-media":"","overlay-type":"","overlay-color":"","overlay-opacity":"","overlay-gradient":""},"mobile":{"background-color":"var(--ast-global-color-5)","background-image":"","background-repeat":"repeat","background-position":"center center","background-size":"auto","background-attachment":"scroll","background-type":"","background-media":"","overlay-type":"","overlay-color":"","overlay-opacity":"","overlay-gradient":""}}},"product_brand":[],"product_cat":[21,76,50,25,33,35,26],"product_tag":[],"class_list":{"0":"post-5680","1":"product","2":"type-product","3":"status-publish","4":"has-post-thumbnail","6":"product_cat-alpinci","7":"product_cat-ana-bucik","8":"product_cat-colmar","9":"product_cat-ilka-stuhec","10":"product_cat-jakne-hlace","11":"product_cat-tekmovalci","12":"product_cat-zan-kranjec","13":"desktop-align-left","14":"tablet-align-left","15":"mobile-align-left","17":"first","18":"instock","19":"sale","20":"taxable","21":"shipping-taxable","22":"purchasable","23":"product-type-variable"},"_links":{"self":[{"href":"https:\/\/shop-sloski.si\/en\/wp-json\/wp\/v2\/product\/5680","targetHints":{"allow":["GET"]}}],"collection":[{"href":"https:\/\/shop-sloski.si\/en\/wp-json\/wp\/v2\/product"}],"about":[{"href":"https:\/\/shop-sloski.si\/en\/wp-json\/wp\/v2\/types\/product"}],"replies":[{"embeddable":true,"href":"https:\/\/shop-sloski.si\/en\/wp-json\/wp\/v2\/comments?post=5680"}],"wp:featuredmedia":[{"embeddable":true,"href":"https:\/\/shop-sloski.si\/en\/wp-json\/wp\/v2\/media\/5687"}],"wp:attachment":[{"href":"https:\/\/shop-sloski.si\/en\/wp-json\/wp\/v2\/media?parent=5680"}],"wp:term":[{"taxonomy":"product_brand","embeddable":true,"href":"https:\/\/shop-sloski.si\/en\/wp-json\/wp\/v2\/product_brand?post=5680"},{"taxonomy":"product_cat","embeddable":true,"href":"https:\/\/shop-sloski.si\/en\/wp-json\/wp\/v2\/product_cat?post=5680"},{"taxonomy":"product_tag","embeddable":true,"href":"https:\/\/shop-sloski.si\/en\/wp-json\/wp\/v2\/product_tag?post=5680"}],"curies":[{"name":"wp","href":"https:\/\/api.w.org\/{rel}","templated":true}]}}